{"id":15,"date":"2015-09-30T17:47:35","date_gmt":"2015-09-30T17:47:35","guid":{"rendered":"http:\/\/www.energetikai.com\/?page_id=15"},"modified":"2025-09-03T06:38:03","modified_gmt":"2025-09-03T06:38:03","slug":"kapcsolatfelvetel","status":"publish","type":"page","link":"http:\/\/www.energetikai.com\/en\/kapcsolatfelvetel\/","title":{"rendered":""},"content":{"rendered":"<h5>Contact details:<\/h5>\n<p>Mr. L\u00e1szl\u00f3 Prihoda 8648 Balatonkereszt\u00far, Pet\u0151fi S. u. 19.<\/p>\n<p>Registry number: 29694289<\/p>\n<p><strong>Tel: +36\/30-350-1655<\/strong><\/p>\n<p>Mr. Bal\u00e1zs Litauszki 1237 Budapest, Temet\u0151 sor 35\/1<\/p>\n<p><span style=\"color: #000000;\">Nyilv\u00e1ntart\u00e1si sz\u00e1m: 59714640<\/span><\/p>\n<p class=\"wp-block-heading\"><strong>Tel: +36\/30-857-5449<\/strong><\/p>\n<p>Authorization number: T\u00c9 14-0488 (Hungarian Chamber of Architects)<\/p>\n<p>Contact us for a request for price offer regarding real estates and not residential buildings, including commercial and industrial real estates:<\/p>\n<h5 style=\"text-align: left;\"><span style=\"text-decoration: underline;\"><span style=\"color: #000000; text-decoration: underline;\"><img loading=\"lazy\" decoding=\"async\" class=\"wp-image-65 alignleft\" src=\"http:\/\/www.energetikai.com\/wp-content\/uploads\/2015\/09\/b.jpg\" alt=\"energetikai tan\u00fas\u00edtv\u00e1ny \u00fczenet\" width=\"116\" height=\"70\" \/><\/span><\/span><\/h5>\n<h6><span style=\"color: #000000;\"><strong><span style=\"text-decoration: underline;\"><a style=\"color: #000000; text-decoration: underline;\" href=\"mailto:info@energetikai.com\">info@energetikai.com<\/a><\/span><\/strong><\/span><\/h6>\n<h6><span style=\"color: #000000;\"><strong><span style=\"text-decoration: underline;\">prihodalaszlo<a style=\"color: #000000; text-decoration: underline;\" href=\"mailto:1energetikai@gmail.com\">@gmail.com<\/a><\/span><\/strong><\/span><\/h6>\n<h5 style=\"text-align: left;\"><\/h5>\n<h5 style=\"text-align: left;\"><\/h5>\n<h6><\/h6>\n","protected":false},"excerpt":{"rendered":"<p>Contact details: Mr. L\u00e1szl\u00f3 Prihoda 8648 Balatonkereszt\u00far, Pet\u0151fi S. u. 19. Registry number: 29694289 Tel: +36\/30-350-1655 Mr. Bal\u00e1zs Litauszki 1237 Budapest, Temet\u0151 sor 35\/1<\/p>\n","protected":false},"author":1,"featured_media":0,"parent":0,"menu_order":0,"comment_status":"closed","ping_status":"closed","template":"","meta":{"footnotes":""},"class_list":["post-15","page","type-page","status-publish","hentry"],"yoast_head":"<!-- This site is optimized with the Yoast SEO plugin v26.3 - https:\/\/yoast.com\/wordpress\/plugins\/seo\/ -->\n<title>Energetikai tan\u00fas\u00edtv\u00e1ny - kapcsolat<\/title>\n<meta name=\"description\" content=\"Hiteles energetikai tan\u00fas\u00edtv\u00e1ny megrendel\u00e9se: Telefon: +36\/30\/350-1655 - info@energetikai.com\" \/>\n<meta name=\"robots\" content=\"index, follow, max-snippet:-1, max-image-preview:large, max-video-preview:-1\" \/>\n<link rel=\"canonical\" href=\"https:\/\/www.energetikai.com\/kapcsolatfelvetel\/\" \/>\n<meta property=\"og:locale\" content=\"en_US\" \/>\n<meta property=\"og:locale:alternate\" content=\"hu_HU\" \/>\n<meta property=\"og:type\" content=\"article\" \/>\n<meta property=\"og:title\" content=\"Energetikai tan\u00fas\u00edtv\u00e1ny - kapcsolat\" \/>\n<meta property=\"og:description\" content=\"Hiteles energetikai tan\u00fas\u00edtv\u00e1ny megrendel\u00e9se: Telefon: +36\/30\/350-1655 - info@energetikai.com\" \/>\n<meta property=\"og:url\" content=\"http:\/\/www.energetikai.com\/en\/kapcsolatfelvetel\/\" \/>\n<meta property=\"og:site_name\" content=\"Certificate on Energy Performance of buildings\" \/>\n<meta property=\"article:modified_time\" content=\"2025-09-03T06:38:03+00:00\" \/>\n<meta property=\"og:image\" content=\"http:\/\/www.energetikai.com\/wp-content\/uploads\/2015\/09\/b.jpg\" \/>\n<meta name=\"twitter:card\" content=\"summary_large_image\" \/>\n<meta name=\"twitter:label1\" content=\"Est. reading time\" \/>\n\t<meta name=\"twitter:data1\" content=\"1 minute\" \/>\n<script type=\"application\/ld+json\" class=\"yoast-schema-graph\">{\"@context\":\"https:\/\/schema.org\",\"@graph\":[{\"@type\":\"WebPage\",\"@id\":\"https:\/\/www.energetikai.com\/kapcsolatfelvetel\/\",\"url\":\"https:\/\/www.energetikai.com\/kapcsolatfelvetel\/\",\"name\":\"Energetikai tan\u00fas\u00edtv\u00e1ny - kapcsolat\",\"isPartOf\":{\"@id\":\"http:\/\/www.energetikai.com\/#website\"},\"primaryImageOfPage\":{\"@id\":\"https:\/\/www.energetikai.com\/kapcsolatfelvetel\/#primaryimage\"},\"image\":{\"@id\":\"https:\/\/www.energetikai.com\/kapcsolatfelvetel\/#primaryimage\"},\"thumbnailUrl\":\"http:\/\/www.energetikai.com\/wp-content\/uploads\/2015\/09\/b.jpg\",\"datePublished\":\"2015-09-30T17:47:35+00:00\",\"dateModified\":\"2025-09-03T06:38:03+00:00\",\"description\":\"Hiteles energetikai tan\u00fas\u00edtv\u00e1ny megrendel\u00e9se: Telefon: +36\/30\/350-1655 - info@energetikai.com\",\"inLanguage\":\"en-US\",\"potentialAction\":[{\"@type\":\"ReadAction\",\"target\":[\"https:\/\/www.energetikai.com\/kapcsolatfelvetel\/\"]}]},{\"@type\":\"ImageObject\",\"inLanguage\":\"en-US\",\"@id\":\"https:\/\/www.energetikai.com\/kapcsolatfelvetel\/#primaryimage\",\"url\":\"http:\/\/www.energetikai.com\/wp-content\/uploads\/2015\/09\/b.jpg\",\"contentUrl\":\"http:\/\/www.energetikai.com\/wp-content\/uploads\/2015\/09\/b.jpg\"},{\"@type\":\"WebSite\",\"@id\":\"http:\/\/www.energetikai.com\/#website\",\"url\":\"http:\/\/www.energetikai.com\/\",\"name\":\"Certificate on Energy Performance of buildings\",\"description\":\"+36303501655\",\"publisher\":{\"@id\":\"http:\/\/www.energetikai.com\/#organization\"},\"potentialAction\":[{\"@type\":\"SearchAction\",\"target\":{\"@type\":\"EntryPoint\",\"urlTemplate\":\"http:\/\/www.energetikai.com\/?s={search_term_string}\"},\"query-input\":{\"@type\":\"PropertyValueSpecification\",\"valueRequired\":true,\"valueName\":\"search_term_string\"}}],\"inLanguage\":\"en-US\"},{\"@type\":\"Organization\",\"@id\":\"http:\/\/www.energetikai.com\/#organization\",\"name\":\"Certificate on Energy Performance of buildings\",\"url\":\"http:\/\/www.energetikai.com\/\",\"logo\":{\"@type\":\"ImageObject\",\"inLanguage\":\"en-US\",\"@id\":\"http:\/\/www.energetikai.com\/#\/schema\/logo\/image\/\",\"url\":\"http:\/\/www.energetikai.com\/wp-content\/uploads\/2016\/01\/logoujk-crop.jpg\",\"contentUrl\":\"http:\/\/www.energetikai.com\/wp-content\/uploads\/2016\/01\/logoujk-crop.jpg\",\"width\":245,\"height\":36,\"caption\":\"Certificate on Energy Performance of buildings\"},\"image\":{\"@id\":\"http:\/\/www.energetikai.com\/#\/schema\/logo\/image\/\"}}]}<\/script>\n<!-- \/ Yoast SEO plugin. -->","yoast_head_json":{"title":"Energetikai tan\u00fas\u00edtv\u00e1ny - kapcsolat","description":"Hiteles energetikai tan\u00fas\u00edtv\u00e1ny megrendel\u00e9se: Telefon: +36\/30\/350-1655 - info@energetikai.com","robots":{"index":"index","follow":"follow","max-snippet":"max-snippet:-1","max-image-preview":"max-image-preview:large","max-video-preview":"max-video-preview:-1"},"canonical":"https:\/\/www.energetikai.com\/kapcsolatfelvetel\/","og_locale":"en_US","og_type":"article","og_title":"Energetikai tan\u00fas\u00edtv\u00e1ny - kapcsolat","og_description":"Hiteles energetikai tan\u00fas\u00edtv\u00e1ny megrendel\u00e9se: Telefon: +36\/30\/350-1655 - info@energetikai.com","og_url":"http:\/\/www.energetikai.com\/en\/kapcsolatfelvetel\/","og_site_name":"Certificate on Energy Performance of buildings","article_modified_time":"2025-09-03T06:38:03+00:00","og_image":[{"url":"http:\/\/www.energetikai.com\/wp-content\/uploads\/2015\/09\/b.jpg","type":"","width":"","height":""}],"twitter_card":"summary_large_image","twitter_misc":{"Est. reading time":"1 minute"},"schema":{"@context":"https:\/\/schema.org","@graph":[{"@type":"WebPage","@id":"https:\/\/www.energetikai.com\/kapcsolatfelvetel\/","url":"https:\/\/www.energetikai.com\/kapcsolatfelvetel\/","name":"Energetikai tan\u00fas\u00edtv\u00e1ny - kapcsolat","isPartOf":{"@id":"http:\/\/www.energetikai.com\/#website"},"primaryImageOfPage":{"@id":"https:\/\/www.energetikai.com\/kapcsolatfelvetel\/#primaryimage"},"image":{"@id":"https:\/\/www.energetikai.com\/kapcsolatfelvetel\/#primaryimage"},"thumbnailUrl":"http:\/\/www.energetikai.com\/wp-content\/uploads\/2015\/09\/b.jpg","datePublished":"2015-09-30T17:47:35+00:00","dateModified":"2025-09-03T06:38:03+00:00","description":"Hiteles energetikai tan\u00fas\u00edtv\u00e1ny megrendel\u00e9se: Telefon: +36\/30\/350-1655 - info@energetikai.com","inLanguage":"en-US","potentialAction":[{"@type":"ReadAction","target":["https:\/\/www.energetikai.com\/kapcsolatfelvetel\/"]}]},{"@type":"ImageObject","inLanguage":"en-US","@id":"https:\/\/www.energetikai.com\/kapcsolatfelvetel\/#primaryimage","url":"http:\/\/www.energetikai.com\/wp-content\/uploads\/2015\/09\/b.jpg","contentUrl":"http:\/\/www.energetikai.com\/wp-content\/uploads\/2015\/09\/b.jpg"},{"@type":"WebSite","@id":"http:\/\/www.energetikai.com\/#website","url":"http:\/\/www.energetikai.com\/","name":"Certificate on Energy Performance of buildings","description":"+36303501655","publisher":{"@id":"http:\/\/www.energetikai.com\/#organization"},"potentialAction":[{"@type":"SearchAction","target":{"@type":"EntryPoint","urlTemplate":"http:\/\/www.energetikai.com\/?s={search_term_string}"},"query-input":{"@type":"PropertyValueSpecification","valueRequired":true,"valueName":"search_term_string"}}],"inLanguage":"en-US"},{"@type":"Organization","@id":"http:\/\/www.energetikai.com\/#organization","name":"Certificate on Energy Performance of buildings","url":"http:\/\/www.energetikai.com\/","logo":{"@type":"ImageObject","inLanguage":"en-US","@id":"http:\/\/www.energetikai.com\/#\/schema\/logo\/image\/","url":"http:\/\/www.energetikai.com\/wp-content\/uploads\/2016\/01\/logoujk-crop.jpg","contentUrl":"http:\/\/www.energetikai.com\/wp-content\/uploads\/2016\/01\/logoujk-crop.jpg","width":245,"height":36,"caption":"Certificate on Energy Performance of buildings"},"image":{"@id":"http:\/\/www.energetikai.com\/#\/schema\/logo\/image\/"}}]}},"_links":{"self":[{"href":"http:\/\/www.energetikai.com\/en\/wp-json\/wp\/v2\/pages\/15","targetHints":{"allow":["GET"]}}],"collection":[{"href":"http:\/\/www.energetikai.com\/en\/wp-json\/wp\/v2\/pages"}],"about":[{"href":"http:\/\/www.energetikai.com\/en\/wp-json\/wp\/v2\/types\/page"}],"author":[{"embeddable":true,"href":"http:\/\/www.energetikai.com\/en\/wp-json\/wp\/v2\/users\/1"}],"replies":[{"embeddable":true,"href":"http:\/\/www.energetikai.com\/en\/wp-json\/wp\/v2\/comments?post=15"}],"version-history":[{"count":82,"href":"http:\/\/www.energetikai.com\/en\/wp-json\/wp\/v2\/pages\/15\/revisions"}],"predecessor-version":[{"id":1457,"href":"http:\/\/www.energetikai.com\/en\/wp-json\/wp\/v2\/pages\/15\/revisions\/1457"}],"wp:attachment":[{"href":"http:\/\/www.energetikai.com\/en\/wp-json\/wp\/v2\/media?parent=15"}],"curies":[{"name":"wp","href":"https:\/\/api.w.org\/{rel}","templated":true}]}}