{"id":13,"date":"2015-09-30T17:42:10","date_gmt":"2015-09-30T17:42:10","guid":{"rendered":"http:\/\/www.energetikai.com\/?page_id=13"},"modified":"2024-01-07T22:23:33","modified_gmt":"2024-01-07T22:23:33","slug":"szabalyozas","status":"publish","type":"page","link":"http:\/\/www.energetikai.com\/en\/szabalyozas\/","title":{"rendered":""},"content":{"rendered":"<h5><span style=\"color: #000000;\"><strong>Directive 2002\/91\/EC<\/strong> of the European Parliament and of the Council on the energy performance of buildings<\/span><\/h5>\n<p style=\"text-align: justify;\"><span style=\"color: #000000;\"><img loading=\"lazy\" decoding=\"async\" class=\"alignleft wp-image-79 size-full\" src=\"http:\/\/www.energetikai.com\/wp-content\/uploads\/2015\/09\/j.png\" alt=\"energetikai tan\u00fas\u00edtv\u00e1ny szab\u00e1lyoz\u00e1s\" width=\"100\" height=\"100\" \/><\/span>The directive obliges Member States to put in place measures that are expected to reduce energy consumption and the burden on the environment. Within these measures, two things need to be highlighted with regard to certification:<\/p>\n<ol>\n<li>In order to make buildings comparable, the method of calculating the energy consumption in each Member State should be developed.<\/li>\n<li>The activities of the certifying staff and the conditions for obtaining a license for the activity should be regulated. The directive only sets out the guidelines. The regulations, methods and requirements needed to comply with them have to be developed individually by each country.<\/li>\n<\/ol>\n<p><strong><span class=\"highlighted\">9\/2023. (V. 25.) \u00c9KM <\/span><\/strong>Hungarian Ministry\u2019s Regulation on the Energy Performance of Buildings<\/p>\n<p><strong>176\/2008. (VI. 30.)<\/strong> Hungarian Government Decree on the Certification of Energy Performance of Buildings<\/p>\n<p>According to the decree, an energy certificate must be issued for the building from 1 January 2009, when the new building is put into use, until it is authorized for use. In the case of an existing building, certification was voluntary until 31 December 2011.<\/p>\n<p>During certification, the overall energy performance of the building should be compared with the requirements and should be classified on that basis. The calculation should be based on the combined consumption of the building and the mechanical systems.<\/p>\n<p>An important element of the certification process is the proposal made by a specialist. It draws attention to what changes and upgrades should be made, what their expected results are, and what new energy category the building can advance to.<\/p>\n","protected":false},"excerpt":{"rendered":"<p>Directive 2002\/91\/EC of the European Parliament and of the Council on the energy performance of buildings The directive obliges Member States to put in<\/p>\n","protected":false},"author":1,"featured_media":0,"parent":0,"menu_order":0,"comment_status":"closed","ping_status":"closed","template":"","meta":{"footnotes":""},"class_list":["post-13","page","type-page","status-publish","hentry"],"yoast_head":"<!-- This site is optimized with the Yoast SEO plugin v26.3 - https:\/\/yoast.com\/wordpress\/plugins\/seo\/ -->\n<title>Energetikai tan\u00fas\u00edtv\u00e1ny<\/title>\n<meta name=\"description\" content=\"Energetikai tan\u00fas\u00edtv\u00e1ny +36\/30\/350-1655 - Milyen szab\u00e1lyoz\u00e1sok van \u00e9rv\u00e9nyben a tan\u00fas\u00edtv\u00e1nyok ki\u00e1ll\u00edt\u00e1s\u00e1ra\" \/>\n<meta name=\"robots\" content=\"index, follow, max-snippet:-1, max-image-preview:large, max-video-preview:-1\" \/>\n<link rel=\"canonical\" href=\"http:\/\/www.energetikai.com\/en\/szabalyozas\/\" \/>\n<meta property=\"og:locale\" content=\"en_US\" \/>\n<meta property=\"og:locale:alternate\" content=\"hu_HU\" \/>\n<meta property=\"og:type\" content=\"article\" \/>\n<meta property=\"og:title\" content=\"Energetikai tan\u00fas\u00edtv\u00e1ny\" \/>\n<meta property=\"og:description\" content=\"Energetikai tan\u00fas\u00edtv\u00e1ny +36\/30\/350-1655 - Milyen szab\u00e1lyoz\u00e1sok van \u00e9rv\u00e9nyben a tan\u00fas\u00edtv\u00e1nyok ki\u00e1ll\u00edt\u00e1s\u00e1ra\" \/>\n<meta property=\"og:url\" content=\"http:\/\/www.energetikai.com\/en\/szabalyozas\/\" \/>\n<meta property=\"og:site_name\" content=\"Certificate on Energy Performance of buildings\" \/>\n<meta property=\"article:modified_time\" content=\"2024-01-07T22:23:33+00:00\" \/>\n<meta property=\"og:image\" content=\"http:\/\/www.energetikai.com\/wp-content\/uploads\/2015\/09\/j.png\" \/>\n<meta name=\"twitter:card\" content=\"summary_large_image\" \/>\n<meta name=\"twitter:label1\" content=\"Est. reading time\" \/>\n\t<meta name=\"twitter:data1\" content=\"2 minutes\" \/>\n<script type=\"application\/ld+json\" class=\"yoast-schema-graph\">{\"@context\":\"https:\/\/schema.org\",\"@graph\":[{\"@type\":\"WebPage\",\"@id\":\"http:\/\/www.energetikai.com\/en\/szabalyozas\/\",\"url\":\"http:\/\/www.energetikai.com\/en\/szabalyozas\/\",\"name\":\"Energetikai tan\u00fas\u00edtv\u00e1ny\",\"isPartOf\":{\"@id\":\"http:\/\/www.energetikai.com\/#website\"},\"primaryImageOfPage\":{\"@id\":\"http:\/\/www.energetikai.com\/en\/szabalyozas\/#primaryimage\"},\"image\":{\"@id\":\"http:\/\/www.energetikai.com\/en\/szabalyozas\/#primaryimage\"},\"thumbnailUrl\":\"http:\/\/www.energetikai.com\/wp-content\/uploads\/2015\/09\/j.png\",\"datePublished\":\"2015-09-30T17:42:10+00:00\",\"dateModified\":\"2024-01-07T22:23:33+00:00\",\"description\":\"Energetikai tan\u00fas\u00edtv\u00e1ny +36\/30\/350-1655 - Milyen szab\u00e1lyoz\u00e1sok van \u00e9rv\u00e9nyben a tan\u00fas\u00edtv\u00e1nyok ki\u00e1ll\u00edt\u00e1s\u00e1ra\",\"inLanguage\":\"en-US\",\"potentialAction\":[{\"@type\":\"ReadAction\",\"target\":[\"http:\/\/www.energetikai.com\/en\/szabalyozas\/\"]}]},{\"@type\":\"ImageObject\",\"inLanguage\":\"en-US\",\"@id\":\"http:\/\/www.energetikai.com\/en\/szabalyozas\/#primaryimage\",\"url\":\"http:\/\/www.energetikai.com\/wp-content\/uploads\/2015\/09\/j.png\",\"contentUrl\":\"http:\/\/www.energetikai.com\/wp-content\/uploads\/2015\/09\/j.png\"},{\"@type\":\"WebSite\",\"@id\":\"http:\/\/www.energetikai.com\/#website\",\"url\":\"http:\/\/www.energetikai.com\/\",\"name\":\"Certificate on Energy Performance of buildings\",\"description\":\"+36303501655\",\"publisher\":{\"@id\":\"http:\/\/www.energetikai.com\/#organization\"},\"potentialAction\":[{\"@type\":\"SearchAction\",\"target\":{\"@type\":\"EntryPoint\",\"urlTemplate\":\"http:\/\/www.energetikai.com\/?s={search_term_string}\"},\"query-input\":{\"@type\":\"PropertyValueSpecification\",\"valueRequired\":true,\"valueName\":\"search_term_string\"}}],\"inLanguage\":\"en-US\"},{\"@type\":\"Organization\",\"@id\":\"http:\/\/www.energetikai.com\/#organization\",\"name\":\"Certificate on Energy Performance of buildings\",\"url\":\"http:\/\/www.energetikai.com\/\",\"logo\":{\"@type\":\"ImageObject\",\"inLanguage\":\"en-US\",\"@id\":\"http:\/\/www.energetikai.com\/#\/schema\/logo\/image\/\",\"url\":\"http:\/\/www.energetikai.com\/wp-content\/uploads\/2016\/01\/logoujk-crop.jpg\",\"contentUrl\":\"http:\/\/www.energetikai.com\/wp-content\/uploads\/2016\/01\/logoujk-crop.jpg\",\"width\":245,\"height\":36,\"caption\":\"Certificate on Energy Performance of buildings\"},\"image\":{\"@id\":\"http:\/\/www.energetikai.com\/#\/schema\/logo\/image\/\"}}]}<\/script>\n<!-- \/ Yoast SEO plugin. -->","yoast_head_json":{"title":"Energetikai tan\u00fas\u00edtv\u00e1ny","description":"Energetikai tan\u00fas\u00edtv\u00e1ny +36\/30\/350-1655 - Milyen szab\u00e1lyoz\u00e1sok van \u00e9rv\u00e9nyben a tan\u00fas\u00edtv\u00e1nyok ki\u00e1ll\u00edt\u00e1s\u00e1ra","robots":{"index":"index","follow":"follow","max-snippet":"max-snippet:-1","max-image-preview":"max-image-preview:large","max-video-preview":"max-video-preview:-1"},"canonical":"http:\/\/www.energetikai.com\/en\/szabalyozas\/","og_locale":"en_US","og_type":"article","og_title":"Energetikai tan\u00fas\u00edtv\u00e1ny","og_description":"Energetikai tan\u00fas\u00edtv\u00e1ny +36\/30\/350-1655 - Milyen szab\u00e1lyoz\u00e1sok van \u00e9rv\u00e9nyben a tan\u00fas\u00edtv\u00e1nyok ki\u00e1ll\u00edt\u00e1s\u00e1ra","og_url":"http:\/\/www.energetikai.com\/en\/szabalyozas\/","og_site_name":"Certificate on Energy Performance of buildings","article_modified_time":"2024-01-07T22:23:33+00:00","og_image":[{"url":"http:\/\/www.energetikai.com\/wp-content\/uploads\/2015\/09\/j.png","type":"","width":"","height":""}],"twitter_card":"summary_large_image","twitter_misc":{"Est. reading time":"2 minutes"},"schema":{"@context":"https:\/\/schema.org","@graph":[{"@type":"WebPage","@id":"http:\/\/www.energetikai.com\/en\/szabalyozas\/","url":"http:\/\/www.energetikai.com\/en\/szabalyozas\/","name":"Energetikai tan\u00fas\u00edtv\u00e1ny","isPartOf":{"@id":"http:\/\/www.energetikai.com\/#website"},"primaryImageOfPage":{"@id":"http:\/\/www.energetikai.com\/en\/szabalyozas\/#primaryimage"},"image":{"@id":"http:\/\/www.energetikai.com\/en\/szabalyozas\/#primaryimage"},"thumbnailUrl":"http:\/\/www.energetikai.com\/wp-content\/uploads\/2015\/09\/j.png","datePublished":"2015-09-30T17:42:10+00:00","dateModified":"2024-01-07T22:23:33+00:00","description":"Energetikai tan\u00fas\u00edtv\u00e1ny +36\/30\/350-1655 - Milyen szab\u00e1lyoz\u00e1sok van \u00e9rv\u00e9nyben a tan\u00fas\u00edtv\u00e1nyok ki\u00e1ll\u00edt\u00e1s\u00e1ra","inLanguage":"en-US","potentialAction":[{"@type":"ReadAction","target":["http:\/\/www.energetikai.com\/en\/szabalyozas\/"]}]},{"@type":"ImageObject","inLanguage":"en-US","@id":"http:\/\/www.energetikai.com\/en\/szabalyozas\/#primaryimage","url":"http:\/\/www.energetikai.com\/wp-content\/uploads\/2015\/09\/j.png","contentUrl":"http:\/\/www.energetikai.com\/wp-content\/uploads\/2015\/09\/j.png"},{"@type":"WebSite","@id":"http:\/\/www.energetikai.com\/#website","url":"http:\/\/www.energetikai.com\/","name":"Certificate on Energy Performance of buildings","description":"+36303501655","publisher":{"@id":"http:\/\/www.energetikai.com\/#organization"},"potentialAction":[{"@type":"SearchAction","target":{"@type":"EntryPoint","urlTemplate":"http:\/\/www.energetikai.com\/?s={search_term_string}"},"query-input":{"@type":"PropertyValueSpecification","valueRequired":true,"valueName":"search_term_string"}}],"inLanguage":"en-US"},{"@type":"Organization","@id":"http:\/\/www.energetikai.com\/#organization","name":"Certificate on Energy Performance of buildings","url":"http:\/\/www.energetikai.com\/","logo":{"@type":"ImageObject","inLanguage":"en-US","@id":"http:\/\/www.energetikai.com\/#\/schema\/logo\/image\/","url":"http:\/\/www.energetikai.com\/wp-content\/uploads\/2016\/01\/logoujk-crop.jpg","contentUrl":"http:\/\/www.energetikai.com\/wp-content\/uploads\/2016\/01\/logoujk-crop.jpg","width":245,"height":36,"caption":"Certificate on Energy Performance of buildings"},"image":{"@id":"http:\/\/www.energetikai.com\/#\/schema\/logo\/image\/"}}]}},"_links":{"self":[{"href":"http:\/\/www.energetikai.com\/en\/wp-json\/wp\/v2\/pages\/13","targetHints":{"allow":["GET"]}}],"collection":[{"href":"http:\/\/www.energetikai.com\/en\/wp-json\/wp\/v2\/pages"}],"about":[{"href":"http:\/\/www.energetikai.com\/en\/wp-json\/wp\/v2\/types\/page"}],"author":[{"embeddable":true,"href":"http:\/\/www.energetikai.com\/en\/wp-json\/wp\/v2\/users\/1"}],"replies":[{"embeddable":true,"href":"http:\/\/www.energetikai.com\/en\/wp-json\/wp\/v2\/comments?post=13"}],"version-history":[{"count":12,"href":"http:\/\/www.energetikai.com\/en\/wp-json\/wp\/v2\/pages\/13\/revisions"}],"predecessor-version":[{"id":1204,"href":"http:\/\/www.energetikai.com\/en\/wp-json\/wp\/v2\/pages\/13\/revisions\/1204"}],"wp:attachment":[{"href":"http:\/\/www.energetikai.com\/en\/wp-json\/wp\/v2\/media?parent=13"}],"curies":[{"name":"wp","href":"https:\/\/api.w.org\/{rel}","templated":true}]}}