{"id":11,"date":"2015-09-30T17:41:27","date_gmt":"2015-09-30T17:41:27","guid":{"rendered":"http:\/\/www.energetikai.com\/?page_id=11"},"modified":"2024-01-07T22:22:07","modified_gmt":"2024-01-07T22:22:07","slug":"tanusitasrol","status":"publish","type":"page","link":"http:\/\/www.energetikai.com\/en\/tanusitasrol\/","title":{"rendered":""},"content":{"rendered":"<h5>As of 1 January 2012, energy certification of flats, real estates, and buildings is mandatory in Hungary.<\/h5>\n<p>When constructing a new building or when selling or renting a building or apartment, its energy certificate must be prepared.<\/p>\n<h5><a href=\"http:\/\/www.energetikai.com\/wp-content\/uploads\/2024\/01\/tanusitvany.jpg\"><img loading=\"lazy\" decoding=\"async\" class=\"alignnone size-medium wp-image-1176\" src=\"http:\/\/www.energetikai.com\/wp-content\/uploads\/2024\/01\/tanusitvany-215x300.jpg\" alt=\"\" width=\"215\" height=\"300\" srcset=\"http:\/\/www.energetikai.com\/wp-content\/uploads\/2024\/01\/tanusitvany-215x300.jpg 215w, http:\/\/www.energetikai.com\/wp-content\/uploads\/2024\/01\/tanusitvany.jpg 431w\" sizes=\"auto, (max-width: 215px) 100vw, 215px\" \/><\/a><\/h5>\n<h5>\u00a0<\/h5>\n<h5>You need a certificate in case of the following cases:<\/h5>\n<ul>\n<li>to obtain the usage permit in case of a newly built building<\/li>\n<li>when selling or leasing an already existing building or independent unit of property<\/li>\n<\/ul>\n<h5>You do not need a certificate in case of the following cases:<\/h5>\n<ul>\n<li>a building with a useful floor area of less than 50 m<sup>2<\/sup><\/li>\n<li>a building intended for use less than 4 months a year<\/li>\n<li>buildings designed to be used for up to 2 years<\/li>\n<li>religious building<\/li>\n<\/ul>\n<h5><strong>It is the seller&#8217;s responsibility to obtain the certificate.<\/strong><\/h5>\n<p>The certificate is valid for 5 years, so it can be used for multiple sales. If the building is being renovated, it is worth getting a new certificate at the next sale or lease.<\/p>\n<h5><strong>Only an authorized person or organization can carry out an authentic energy certificate.<\/strong><\/h5>\n<p>Energy certification activities may be carried out under the conditions laid down in the Act on the Formation and Protection of the Built Environment and in the Government Decree on Building and Construction Practices. The list of certifiers can be found on the website of the Hungarian Chamber of Architects: <a href=\"http:\/\/www.mek.hu\">www.mek.hu<\/a><\/p>\n<p>If your ad appears in an ad &#8211; for sale or for rent &#8211; you will need to provide the classification (the letter) of the certificate available.<\/p>\n<p>As of January 1, 2013, the certifier shall certify the certificate in the National Building Register. An authenticated copy is an electronic copy with the identification code (HET ID) in the national electronic register of e-certification.<\/p>\n<h5><strong>Energy certification classes<\/strong><\/h5>\n<p><a href=\"http:\/\/www.energetikai.com\/wp-content\/uploads\/2024\/01\/hatekonysagi-kategoriak.jpg\"><img loading=\"lazy\" decoding=\"async\" class=\"alignnone size-medium wp-image-1175\" src=\"http:\/\/www.energetikai.com\/wp-content\/uploads\/2024\/01\/hatekonysagi-kategoriak-300x232.jpg\" alt=\"\" width=\"300\" height=\"232\" srcset=\"http:\/\/www.energetikai.com\/wp-content\/uploads\/2024\/01\/hatekonysagi-kategoriak-300x232.jpg 300w, http:\/\/www.energetikai.com\/wp-content\/uploads\/2024\/01\/hatekonysagi-kategoriak.jpg 538w\" sizes=\"auto, (max-width: 300px) 100vw, 300px\" \/><\/a><\/p>\n\n\n<p><\/p>\n","protected":false},"excerpt":{"rendered":"<p>As of 1 January 2012, energy certification of flats, real estates, and buildings is mandatory in Hungary. When constructing a new building or when<\/p>\n","protected":false},"author":1,"featured_media":0,"parent":0,"menu_order":0,"comment_status":"closed","ping_status":"closed","template":"","meta":{"footnotes":""},"class_list":["post-11","page","type-page","status-publish","hentry"],"yoast_head":"<!-- This site is optimized with the Yoast SEO plugin v26.3 - https:\/\/yoast.com\/wordpress\/plugins\/seo\/ -->\n<title>Energetikai tan\u00fas\u00edtv\u00e1ny<\/title>\n<meta name=\"description\" content=\"A tan\u00fas\u00edt\u00e1sr\u00f3l \u00e1ltal\u00e1ban\" \/>\n<meta name=\"robots\" content=\"index, follow, max-snippet:-1, max-image-preview:large, max-video-preview:-1\" \/>\n<link rel=\"canonical\" href=\"https:\/\/www.energetikai.com\/tanusitasrol\/\" \/>\n<meta property=\"og:locale\" content=\"en_US\" \/>\n<meta property=\"og:locale:alternate\" content=\"hu_HU\" \/>\n<meta property=\"og:type\" content=\"article\" \/>\n<meta property=\"og:title\" content=\"Energetikai tan\u00fas\u00edtv\u00e1ny\" \/>\n<meta property=\"og:description\" content=\"A tan\u00fas\u00edt\u00e1sr\u00f3l \u00e1ltal\u00e1ban\" \/>\n<meta property=\"og:url\" content=\"http:\/\/www.energetikai.com\/en\/tanusitasrol\/\" \/>\n<meta property=\"og:site_name\" content=\"Certificate on Energy Performance of buildings\" \/>\n<meta property=\"article:modified_time\" content=\"2024-01-07T22:22:07+00:00\" \/>\n<meta property=\"og:image\" content=\"http:\/\/www.energetikai.com\/wp-content\/uploads\/2024\/01\/tanusitvany-215x300.jpg\" \/>\n<meta name=\"twitter:card\" content=\"summary_large_image\" \/>\n<meta name=\"twitter:label1\" content=\"Est. reading time\" \/>\n\t<meta name=\"twitter:data1\" content=\"2 minutes\" \/>\n<script type=\"application\/ld+json\" class=\"yoast-schema-graph\">{\"@context\":\"https:\/\/schema.org\",\"@graph\":[{\"@type\":\"WebPage\",\"@id\":\"https:\/\/www.energetikai.com\/tanusitasrol\/\",\"url\":\"https:\/\/www.energetikai.com\/tanusitasrol\/\",\"name\":\"Energetikai tan\u00fas\u00edtv\u00e1ny\",\"isPartOf\":{\"@id\":\"http:\/\/www.energetikai.com\/#website\"},\"primaryImageOfPage\":{\"@id\":\"https:\/\/www.energetikai.com\/tanusitasrol\/#primaryimage\"},\"image\":{\"@id\":\"https:\/\/www.energetikai.com\/tanusitasrol\/#primaryimage\"},\"thumbnailUrl\":\"http:\/\/www.energetikai.com\/wp-content\/uploads\/2024\/01\/tanusitvany-215x300.jpg\",\"datePublished\":\"2015-09-30T17:41:27+00:00\",\"dateModified\":\"2024-01-07T22:22:07+00:00\",\"description\":\"A tan\u00fas\u00edt\u00e1sr\u00f3l \u00e1ltal\u00e1ban\",\"inLanguage\":\"en-US\",\"potentialAction\":[{\"@type\":\"ReadAction\",\"target\":[\"https:\/\/www.energetikai.com\/tanusitasrol\/\"]}]},{\"@type\":\"ImageObject\",\"inLanguage\":\"en-US\",\"@id\":\"https:\/\/www.energetikai.com\/tanusitasrol\/#primaryimage\",\"url\":\"http:\/\/www.energetikai.com\/wp-content\/uploads\/2024\/01\/tanusitvany-215x300.jpg\",\"contentUrl\":\"http:\/\/www.energetikai.com\/wp-content\/uploads\/2024\/01\/tanusitvany-215x300.jpg\"},{\"@type\":\"WebSite\",\"@id\":\"http:\/\/www.energetikai.com\/#website\",\"url\":\"http:\/\/www.energetikai.com\/\",\"name\":\"Certificate on Energy Performance of buildings\",\"description\":\"+36303501655\",\"publisher\":{\"@id\":\"http:\/\/www.energetikai.com\/#organization\"},\"potentialAction\":[{\"@type\":\"SearchAction\",\"target\":{\"@type\":\"EntryPoint\",\"urlTemplate\":\"http:\/\/www.energetikai.com\/?s={search_term_string}\"},\"query-input\":{\"@type\":\"PropertyValueSpecification\",\"valueRequired\":true,\"valueName\":\"search_term_string\"}}],\"inLanguage\":\"en-US\"},{\"@type\":\"Organization\",\"@id\":\"http:\/\/www.energetikai.com\/#organization\",\"name\":\"Certificate on Energy Performance of buildings\",\"url\":\"http:\/\/www.energetikai.com\/\",\"logo\":{\"@type\":\"ImageObject\",\"inLanguage\":\"en-US\",\"@id\":\"http:\/\/www.energetikai.com\/#\/schema\/logo\/image\/\",\"url\":\"http:\/\/www.energetikai.com\/wp-content\/uploads\/2016\/01\/logoujk-crop.jpg\",\"contentUrl\":\"http:\/\/www.energetikai.com\/wp-content\/uploads\/2016\/01\/logoujk-crop.jpg\",\"width\":245,\"height\":36,\"caption\":\"Certificate on Energy Performance of buildings\"},\"image\":{\"@id\":\"http:\/\/www.energetikai.com\/#\/schema\/logo\/image\/\"}}]}<\/script>\n<!-- \/ Yoast SEO plugin. -->","yoast_head_json":{"title":"Energetikai tan\u00fas\u00edtv\u00e1ny","description":"A tan\u00fas\u00edt\u00e1sr\u00f3l \u00e1ltal\u00e1ban","robots":{"index":"index","follow":"follow","max-snippet":"max-snippet:-1","max-image-preview":"max-image-preview:large","max-video-preview":"max-video-preview:-1"},"canonical":"https:\/\/www.energetikai.com\/tanusitasrol\/","og_locale":"en_US","og_type":"article","og_title":"Energetikai tan\u00fas\u00edtv\u00e1ny","og_description":"A tan\u00fas\u00edt\u00e1sr\u00f3l \u00e1ltal\u00e1ban","og_url":"http:\/\/www.energetikai.com\/en\/tanusitasrol\/","og_site_name":"Certificate on Energy Performance of buildings","article_modified_time":"2024-01-07T22:22:07+00:00","og_image":[{"url":"http:\/\/www.energetikai.com\/wp-content\/uploads\/2024\/01\/tanusitvany-215x300.jpg","type":"","width":"","height":""}],"twitter_card":"summary_large_image","twitter_misc":{"Est. reading time":"2 minutes"},"schema":{"@context":"https:\/\/schema.org","@graph":[{"@type":"WebPage","@id":"https:\/\/www.energetikai.com\/tanusitasrol\/","url":"https:\/\/www.energetikai.com\/tanusitasrol\/","name":"Energetikai tan\u00fas\u00edtv\u00e1ny","isPartOf":{"@id":"http:\/\/www.energetikai.com\/#website"},"primaryImageOfPage":{"@id":"https:\/\/www.energetikai.com\/tanusitasrol\/#primaryimage"},"image":{"@id":"https:\/\/www.energetikai.com\/tanusitasrol\/#primaryimage"},"thumbnailUrl":"http:\/\/www.energetikai.com\/wp-content\/uploads\/2024\/01\/tanusitvany-215x300.jpg","datePublished":"2015-09-30T17:41:27+00:00","dateModified":"2024-01-07T22:22:07+00:00","description":"A tan\u00fas\u00edt\u00e1sr\u00f3l \u00e1ltal\u00e1ban","inLanguage":"en-US","potentialAction":[{"@type":"ReadAction","target":["https:\/\/www.energetikai.com\/tanusitasrol\/"]}]},{"@type":"ImageObject","inLanguage":"en-US","@id":"https:\/\/www.energetikai.com\/tanusitasrol\/#primaryimage","url":"http:\/\/www.energetikai.com\/wp-content\/uploads\/2024\/01\/tanusitvany-215x300.jpg","contentUrl":"http:\/\/www.energetikai.com\/wp-content\/uploads\/2024\/01\/tanusitvany-215x300.jpg"},{"@type":"WebSite","@id":"http:\/\/www.energetikai.com\/#website","url":"http:\/\/www.energetikai.com\/","name":"Certificate on Energy Performance of buildings","description":"+36303501655","publisher":{"@id":"http:\/\/www.energetikai.com\/#organization"},"potentialAction":[{"@type":"SearchAction","target":{"@type":"EntryPoint","urlTemplate":"http:\/\/www.energetikai.com\/?s={search_term_string}"},"query-input":{"@type":"PropertyValueSpecification","valueRequired":true,"valueName":"search_term_string"}}],"inLanguage":"en-US"},{"@type":"Organization","@id":"http:\/\/www.energetikai.com\/#organization","name":"Certificate on Energy Performance of buildings","url":"http:\/\/www.energetikai.com\/","logo":{"@type":"ImageObject","inLanguage":"en-US","@id":"http:\/\/www.energetikai.com\/#\/schema\/logo\/image\/","url":"http:\/\/www.energetikai.com\/wp-content\/uploads\/2016\/01\/logoujk-crop.jpg","contentUrl":"http:\/\/www.energetikai.com\/wp-content\/uploads\/2016\/01\/logoujk-crop.jpg","width":245,"height":36,"caption":"Certificate on Energy Performance of buildings"},"image":{"@id":"http:\/\/www.energetikai.com\/#\/schema\/logo\/image\/"}}]}},"_links":{"self":[{"href":"http:\/\/www.energetikai.com\/en\/wp-json\/wp\/v2\/pages\/11","targetHints":{"allow":["GET"]}}],"collection":[{"href":"http:\/\/www.energetikai.com\/en\/wp-json\/wp\/v2\/pages"}],"about":[{"href":"http:\/\/www.energetikai.com\/en\/wp-json\/wp\/v2\/types\/page"}],"author":[{"embeddable":true,"href":"http:\/\/www.energetikai.com\/en\/wp-json\/wp\/v2\/users\/1"}],"replies":[{"embeddable":true,"href":"http:\/\/www.energetikai.com\/en\/wp-json\/wp\/v2\/comments?post=11"}],"version-history":[{"count":34,"href":"http:\/\/www.energetikai.com\/en\/wp-json\/wp\/v2\/pages\/11\/revisions"}],"predecessor-version":[{"id":1202,"href":"http:\/\/www.energetikai.com\/en\/wp-json\/wp\/v2\/pages\/11\/revisions\/1202"}],"wp:attachment":[{"href":"http:\/\/www.energetikai.com\/en\/wp-json\/wp\/v2\/media?parent=11"}],"curies":[{"name":"wp","href":"https:\/\/api.w.org\/{rel}","templated":true}]}}